{"id":12542,"date":"2025-05-02T13:00:02","date_gmt":"2025-05-02T11:00:02","guid":{"rendered":"https:\/\/sinagot.bzh\/boutique\/?page_id=12542"},"modified":"2026-04-20T18:35:15","modified_gmt":"2026-04-20T16:35:15","slug":"accueil","status":"publish","type":"page","link":"https:\/\/sinagot.bzh\/boutique\/","title":{"rendered":"TI BOUTIK ADS &#8211; nos produits d\u00e9riv\u00e9s"},"content":{"rendered":"<p id=\"block-263276a9-ee77-4cb0-83b8-ada0ef90fcd3\"><strong>L&rsquo;amour des sinagots, embl\u00e8mes du Golfe du Morbihan, est le moteur de notre association.<\/strong><\/p><p>Pour faire perdurer ce patrimoine maritime, nous avons cr\u00e9\u00e9 notre <strong>Ti Boutik ADS<\/strong> : tous les b\u00e9n\u00e9fices des ventes sont revers\u00e9s int\u00e9gralement \u00e0 l&rsquo;association pour <strong>l&rsquo;entretien et la restauration de nos bateaux<\/strong>.<\/p><p>En achetant nos produits, vous nous faites plaisir&#8230; et vous contribuez directement \u00e0 la <strong>sauvegarde des sinagots<\/strong> !<\/p><div class=\"wp-block-buttons is-content-justification-center is-layout-flex wp-container-core-buttons-is-layout-1 wp-block-buttons-is-layout-flex\"><div class=\"wp-block-button\"><a class=\"wp-block-button__link has-ast-global-color-8-color has-pale-cyan-blue-background-color has-text-color has-background has-link-color wp-element-button\" href=\"https:\/\/sinagot.bzh\/boutique\/boutique\/\">Voir le catalogue<\/a><\/div><\/div><h2 class=\"wp-block-heading\" id=\"block-5807c9f7-3801-42dc-9e59-7a0bbfb0fe5c\">O\u00d9 ET COMMENT ACHETER&nbsp;?<\/h2><h3 class=\"wp-block-heading\" id=\"block-ff652098-c795-45aa-bd9c-77d96aa9dff7\"><strong>SUR LES STANDS<\/strong><\/h3><p id=\"block-010a07a8-a814-4c64-92d0-9f6bcacc0bc8\">Nous tenons r\u00e9guli\u00e8rement des stands lors de march\u00e9s et manifestations maritimes. Vous y trouverez l&rsquo;ensemble de notre catalogue, ainsi que de nombreux autres objets \u00e0 petits prix : cartes postales, affiches, peintures sur bois, objets d\u00e9co&#8230;<\/p><p id=\"block-549ff1f3-0882-4d80-b777-3b65bafe03a1\"><strong>Prochaines pr\u00e9sences lors des f\u00eates maritimes :<\/strong><\/p><ul class=\"wp-block-list\"><li>Le 16 Mai 2026 au march\u00e9 de Vannes ( le matin)<\/li>\n\n<li>Le 30 Mai pour la f\u00eate des 2 Cales (Montsarrac \/ St Armel)<\/li>\n\n<li>F\u00eate du Red Armor \u00e0 Damgan les 13 et 14 juin 2026<\/li>\n\n<li>Les Voiles Rouges \u00e0 Port Anna les 4 et 5 juillet 2026<\/li>\n\n<li>Les Grandes R\u00e9gates de Port Navalo les 25 et 26 juillet 2026<\/li>\n\n<li>La f\u00eate de l&rsquo;huitre \u00e0 Locmariaquer les 15 et 16 ao\u00fbt 2026<\/li><\/ul><h3 class=\"wp-block-heading\" id=\"block-9d6a60fd-aecc-4cd6-a481-cbdb8180180f\"><strong><strong>Adh\u00e9rents : commandez pour les r\u00e9unions mensuelles<\/strong><\/strong><\/h3><p>Passez vos commandes par email \u00e0 <strong>ti-boutik-ads@googlegroups.com<\/strong><\/p><p id=\"block-0ef79edf-b2ed-4565-a64b-6ffb49189620\">Possibilit\u00e9 de passer vos commandes (en tant qu\u2019adh\u00e9rent), le 1 er vendredi de chaque mois \u00e0 la Maison des Associations \u00e0 Vannes, lors de notre r\u00e9union mensuelle qui d\u00e9marre \u00e0 20h30. Il faudra ensuite r\u00e9cup\u00e9rer vos achats le 1 er Vendredi du mois suivant.<\/p><h3 class=\"wp-block-heading\" id=\"block-3d93db0d-62f9-4642-8fb2-ea91191bc8b0\"><strong><strong>&nbsp;\u00c0 Port-Anna apr\u00e8s les sorties en mer<\/strong><\/strong><\/h3><p id=\"block-95b5a5eb-f695-4ecb-8659-4955c79d98d6\">Apr\u00e8s votre navigation, vous pouvez acheter nos produits directement \u00e0 Port-Anna (selon stocks disponibles).<br><\/p><p id=\"block-a52b65d1-38e7-42cc-bdb7-05006613c784\">La diversit\u00e9 des objets que nous vous proposons vous permettra de vous faire plaisir, tout en nous aidant \u00e0 la SAUVEGARDE DES SINAGOTS<\/p><hr class=\"wp-block-separator has-alpha-channel-opacity\" \/><p><strong>\ud83d\udce7 Contact boutique :<\/strong> ti-boutik-ads@googlegroups.com<\/p><hr class=\"wp-block-separator has-alpha-channel-opacity\" \/><h3 class=\"wp-block-heading\"><strong>DESSINAGOT &#8211; La rencontre des crayons et des voiles<\/strong><\/h3><figure class=\"wp-block-image aligncenter size-large\"><img decoding=\"async\" src=\"https:\/\/sinagot.bzh\/wp-content\/uploads\/2025\/12\/Couverture-Dessinagot-1-722x1024.jpg\" alt=\"DESSINAGOT\" class=\"wp-image-13354\" \/><\/figure><p class=\"has-text-align-center\"><strong>168 pages \u2022 30\u20ac<\/strong><\/p><p>Quatre dessinateurs bretons reconnus (<strong>NONO<\/strong>, <strong>Audrey Poussier<\/strong>, <strong>Bruno Pilorget<\/strong>, <strong>Alain Goutal<\/strong>) ont embarqu\u00e9 sur nos sinagots pour croquer la vie \u00e0 bord.<\/p><p>Un livre qui m\u00eale :<\/p><ul class=\"wp-block-list\"><li>Dessins, aquarelles et croquis pris sur le vif<\/li>\n\n<li>T\u00e9moignages authentiques des \u00e9quipiers<\/li>\n\n<li>Histoire du sinagot et du patrimoine maritime<\/li>\n\n<li>Photographies d&rsquo;Erwan Le Luhern et Andr\u00e9 Le Gloahec<\/li><\/ul><p><strong>Avec une pr\u00e9face de Lise Blanchet<\/strong>, grand reporter de Thalassa pendant 33 ans et Prix Albert Londres 1992. (voir <a href=\"https:\/\/sinagot.bzh\/dessinagot-la-rencontre-des-crayons-et-des-voiles\/\" target=\"_blank\" rel=\"noreferrer noopener\">l&rsquo;histoire de la cr\u00e9ation de ce livre<\/a>).<\/p><div class=\"wp-block-buttons is-content-justification-center is-layout-flex wp-container-core-buttons-is-layout-2 wp-block-buttons-is-layout-flex\"><div class=\"wp-block-button\"><a class=\"wp-block-button__link wp-element-button\" href=\"https:\/\/www.helloasso.com\/associations\/les-amis-du-sinagot\/boutiques\/dessinagot\" target=\"_blank\" rel=\"noreferrer noopener\">Commander DESSINAGOT en ligne<\/a><\/div><\/div><hr class=\"wp-block-separator has-alpha-channel-opacity\" \/><p><strong>\u00c9galement disponible :<\/strong><\/p><ul class=\"wp-block-list\"><li>Sur nos stands lors des march\u00e9s et \u00e9v\u00e9nements<\/li>\n\n<li>Par commande email (adh\u00e9rents) : ti-boutik-ads@googlegroups.com<\/li>\n\n<li>\u00c0 Port-Anna apr\u00e8s les sorties en mer<\/li><\/ul><hr class=\"wp-block-separator has-alpha-channel-opacity\" \/><h3 class=\"wp-block-heading\"><strong>V\u00caTEMENTS &amp; ACCESSOIRES<\/strong><\/h3><p>Arborez fi\u00e8rement les couleurs des Amis du Sinagot !<\/p><p><strong>Notre catalogue :<\/strong><\/p><ul class=\"wp-block-list\"><li>Casquettes<\/li>\n\n<li>T-shirts<\/li>\n\n<li>Vareuses<\/li>\n\n<li>Sacs<\/li>\n\n<li>Objets d\u00e9co<\/li>\n\n<li>Cartes postales<\/li>\n\n<li>Affiches<\/li>\n\n<li>Maquettes<\/li>\n\n<li>Et bien d&rsquo;autres surprises sur nos stands !<\/li><\/ul><div class=\"wp-block-buttons is-content-justification-center is-layout-flex wp-container-core-buttons-is-layout-3 wp-block-buttons-is-layout-flex\"><div class=\"wp-block-button\"><a class=\"wp-block-button__link has-ast-global-color-8-color has-pale-cyan-blue-background-color has-text-color has-background has-link-color wp-element-button\" href=\"https:\/\/sinagot.bzh\/boutique\/boutique\/\">Voir le catalogue<\/a><\/div><\/div><p id=\"block-6bf7c509-633b-4c11-85a9-027d9bdee070\"><\/p><p id=\"block-3d45b881-64f3-4f53-8035-c7209fe792c3\"><\/p><p><\/p>","protected":false},"excerpt":{"rendered":"<p>L&rsquo;amour des sinagots, embl\u00e8mes du Golfe du Morbihan, est le moteur de notre association. Pour faire perdurer ce patrimoine maritime, [&hellip;]<\/p>\n","protected":false},"author":1,"featured_media":0,"parent":0,"menu_order":0,"comment_status":"closed","ping_status":"closed","template":"","meta":{"_sb_is_suggestion_mode":false,"_sb_show_suggestion_boards":false,"_sb_show_comment_boards":false,"_sb_suggestion_history":"","_sb_update_block_changes":"","site-sidebar-layout":"default","site-content-layout":"","ast-site-content-layout":"","site-content-style":"default","site-sidebar-style":"default","ast-global-header-display":"","ast-banner-title-visibility":"","ast-main-header-display":"","ast-hfb-above-header-display":"","ast-hfb-below-header-display":"","ast-hfb-mobile-header-display":"","site-post-title":"","ast-breadcrumbs-content":"","ast-featured-img":"","footer-sml-layout":"","theme-transparent-header-meta":"","adv-header-id-meta":"","stick-header-meta":"","header-above-stick-meta":"","header-main-stick-meta":"","header-below-stick-meta":"","astra-migrate-meta-layouts":"default","ast-page-background-enabled":"default","ast-page-background-meta":{"desktop":{"background-color":"var(--ast-global-color-5)","background-image":"","background-repeat":"repeat","background-position":"center center","background-size":"auto","background-attachment":"scroll","background-type":"","background-media":"","overlay-type":"","overlay-color":"","overlay-opacity":"","overlay-gradient":""},"tablet":{"background-color":"","background-image":"","background-repeat":"repeat","background-position":"center center","background-size":"auto","background-attachment":"scroll","background-type":"","background-media":"","overlay-type":"","overlay-color":"","overlay-opacity":"","overlay-gradient":""},"mobile":{"background-color":"","background-image":"","background-repeat":"repeat","background-position":"center center","background-size":"auto","background-attachment":"scroll","background-type":"","background-media":"","overlay-type":"","overlay-color":"","overlay-opacity":"","overlay-gradient":""}},"ast-content-background-meta":{"desktop":{"background-color":"var(--ast-global-color-4)","background-image":"","background-repeat":"repeat","background-position":"center center","background-size":"auto","background-attachment":"scroll","background-type":"","background-media":"","overlay-type":"","overlay-color":"","overlay-opacity":"","overlay-gradient":""},"tablet":{"background-color":"var(--ast-global-color-4)","background-image":"","background-repeat":"repeat","background-position":"center center","background-size":"auto","background-attachment":"scroll","background-type":"","background-media":"","overlay-type":"","overlay-color":"","overlay-opacity":"","overlay-gradient":""},"mobile":{"background-color":"var(--ast-global-color-4)","background-image":"","background-repeat":"repeat","background-position":"center center","background-size":"auto","background-attachment":"scroll","background-type":"","background-media":"","overlay-type":"","overlay-color":"","overlay-opacity":"","overlay-gradient":""}},"footnotes":""},"class_list":["post-12542","page","type-page","status-publish","hentry"],"_links":{"self":[{"href":"https:\/\/sinagot.bzh\/boutique\/wp-json\/wp\/v2\/pages\/12542","targetHints":{"allow":["GET"]}}],"collection":[{"href":"https:\/\/sinagot.bzh\/boutique\/wp-json\/wp\/v2\/pages"}],"about":[{"href":"https:\/\/sinagot.bzh\/boutique\/wp-json\/wp\/v2\/types\/page"}],"author":[{"embeddable":true,"href":"https:\/\/sinagot.bzh\/boutique\/wp-json\/wp\/v2\/users\/1"}],"replies":[{"embeddable":true,"href":"https:\/\/sinagot.bzh\/boutique\/wp-json\/wp\/v2\/comments?post=12542"}],"version-history":[{"count":13,"href":"https:\/\/sinagot.bzh\/boutique\/wp-json\/wp\/v2\/pages\/12542\/revisions"}],"predecessor-version":[{"id":12610,"href":"https:\/\/sinagot.bzh\/boutique\/wp-json\/wp\/v2\/pages\/12542\/revisions\/12610"}],"wp:attachment":[{"href":"https:\/\/sinagot.bzh\/boutique\/wp-json\/wp\/v2\/media?parent=12542"}],"curies":[{"name":"wp","href":"https:\/\/api.w.org\/{rel}","templated":true}]}}