{"id":11025,"date":"2023-04-17T10:54:29","date_gmt":"2023-04-17T08:54:29","guid":{"rendered":"https:\/\/sinagot.bzh\/?post_type=product&#038;p=11025"},"modified":"2025-04-03T16:39:19","modified_gmt":"2025-04-03T14:39:19","slug":"tee-shirts-manches-courtes","status":"publish","type":"product","link":"https:\/\/sinagot.bzh\/boutique\/produit\/tee-shirts-manches-courtes\/","title":{"rendered":"TEE-SHIRTS MANCHES COURTES"},"content":{"rendered":"<p>En jersey de coton 100% de couleur bleu marine, tailles XS \u00e0 4XL, Regular Fit<br \/>\nD\u00e9cor bleu ciel rappelant la pr\u00e9ceinte du Les Trois Fr\u00e8res.<br \/>\nImpressions : logo ADS sur la poitrine et logo 80 ans dans le dos. Une belle finition identique au mod\u00e8le manches longues.<br \/>\nTissu 190 g, coupe Homme<br \/>\nTissu 150 g , col en V et coupe cintr\u00e9e Femme.<br \/>\nExiste en tailles Enfant : 3\/4 ans, 5\/6 ans, 7\/8 ans et 9\/10 ans<\/p>\n","protected":false},"excerpt":{"rendered":"<p>En jersey de coton 100% de couleur bleu marine, tailles XS \u00e0 4XL, Regular Fit<br \/>\nD\u00e9cor bleu ciel rappelant la pr\u00e9ceinte du Les Trois Fr\u00e8res<br \/>\nImpressions : logo ADS sur la poitrine et logo 80 ans dans le dos.Une belle finition<\/p>\n","protected":false},"featured_media":11026,"template":"","meta":{"_sb_is_suggestion_mode":false,"_sb_show_suggestion_boards":false,"_sb_show_comment_boards":false,"_sb_suggestion_history":"","_sb_update_block_changes":"","site-sidebar-layout":"default","site-content-layout":"default","ast-site-content-layout":"default","site-content-style":"default","site-sidebar-style":"default","ast-global-header-display":"","ast-banner-title-visibility":"","ast-main-header-display":"","ast-hfb-above-header-display":"","ast-hfb-below-header-display":"","ast-hfb-mobile-header-display":"","site-post-title":"","ast-breadcrumbs-content":"","ast-featured-img":"","footer-sml-layout":"","theme-transparent-header-meta":"default","adv-header-id-meta":"","stick-header-meta":"","header-above-stick-meta":"","header-main-stick-meta":"","header-below-stick-meta":"","astra-migrate-meta-layouts":"set","ast-page-background-enabled":"default","ast-page-background-meta":{"desktop":{"background-color":"var(--ast-global-color-5)","background-image":"","background-repeat":"repeat","background-position":"center center","background-size":"auto","background-attachment":"scroll","background-type":"","background-media":"","overlay-type":"","overlay-color":"","overlay-opacity":"","overlay-gradient":""},"tablet":{"background-color":"","background-image":"","background-repeat":"repeat","background-position":"center center","background-size":"auto","background-attachment":"scroll","background-type":"","background-media":"","overlay-type":"","overlay-color":"","overlay-opacity":"","overlay-gradient":""},"mobile":{"background-color":"","background-image":"","background-repeat":"repeat","background-position":"center center","background-size":"auto","background-attachment":"scroll","background-type":"","background-media":"","overlay-type":"","overlay-color":"","overlay-opacity":"","overlay-gradient":""}},"ast-content-background-meta":{"desktop":{"background-color":"var(--ast-global-color-4)","background-image":"","background-repeat":"repeat","background-position":"center center","background-size":"auto","background-attachment":"scroll","background-type":"","background-media":"","overlay-type":"","overlay-color":"","overlay-opacity":"","overlay-gradient":""},"tablet":{"background-color":"var(--ast-global-color-4)","background-image":"","background-repeat":"repeat","background-position":"center center","background-size":"auto","background-attachment":"scroll","background-type":"","background-media":"","overlay-type":"","overlay-color":"","overlay-opacity":"","overlay-gradient":""},"mobile":{"background-color":"var(--ast-global-color-4)","background-image":"","background-repeat":"repeat","background-position":"center center","background-size":"auto","background-attachment":"scroll","background-type":"","background-media":"","overlay-type":"","overlay-color":"","overlay-opacity":"","overlay-gradient":""}}},"product_brand":[],"product_cat":[32],"product_tag":[],"class_list":{"0":"post-11025","1":"product","2":"type-product","3":"status-publish","4":"has-post-thumbnail","6":"product_cat-vetements","7":"desktop-align-left","8":"tablet-align-left","9":"mobile-align-left","11":"first","12":"instock","13":"shipping-taxable","14":"purchasable","15":"product-type-simple"},"_links":{"self":[{"href":"https:\/\/sinagot.bzh\/boutique\/wp-json\/wp\/v2\/product\/11025","targetHints":{"allow":["GET"]}}],"collection":[{"href":"https:\/\/sinagot.bzh\/boutique\/wp-json\/wp\/v2\/product"}],"about":[{"href":"https:\/\/sinagot.bzh\/boutique\/wp-json\/wp\/v2\/types\/product"}],"wp:featuredmedia":[{"embeddable":true,"href":"https:\/\/sinagot.bzh\/boutique\/wp-json\/wp\/v2\/media\/11026"}],"wp:attachment":[{"href":"https:\/\/sinagot.bzh\/boutique\/wp-json\/wp\/v2\/media?parent=11025"}],"wp:term":[{"taxonomy":"product_brand","embeddable":true,"href":"https:\/\/sinagot.bzh\/boutique\/wp-json\/wp\/v2\/product_brand?post=11025"},{"taxonomy":"product_cat","embeddable":true,"href":"https:\/\/sinagot.bzh\/boutique\/wp-json\/wp\/v2\/product_cat?post=11025"},{"taxonomy":"product_tag","embeddable":true,"href":"https:\/\/sinagot.bzh\/boutique\/wp-json\/wp\/v2\/product_tag?post=11025"}],"curies":[{"name":"wp","href":"https:\/\/api.w.org\/{rel}","templated":true}]}}