{"id":11090,"date":"2023-04-21T22:01:16","date_gmt":"2023-04-21T20:01:16","guid":{"rendered":"https:\/\/sinagot.bzh\/?post_type=product&#038;p=11090"},"modified":"2025-04-03T16:38:41","modified_gmt":"2025-04-03T14:38:41","slug":"la-cuvee-speciale-salut-au-moine","status":"publish","type":"product","link":"https:\/\/sinagot.bzh\/boutique\/produit\/la-cuvee-speciale-salut-au-moine\/","title":{"rendered":"LA CUV\u00c9E SP\u00c9CIALE \u00ab SALUT AU MOINE \u00bb"},"content":{"rendered":"<p>Sp\u00e9cialement s\u00e9lectionn\u00e9e pour vous, avec une \u00e9tiquette originale dessin\u00e9e par Nono, illustrateur d\u2019un journal local qu&rsquo;on ne pr\u00e9sente plus, La Boutique vous a r\u00e9serv\u00e9 cette cuv\u00e9e 2020 d\u2019un excellent Muscadet S\u00e8vre-et-Maine A.O.P sur lie. Dans un premier temps, elle sera vendue exclusivement aux adh\u00e9rents.<\/p>\n","protected":false},"excerpt":{"rendered":"<p>La Boutique vous a r\u00e9serv\u00e9 cette ann\u00e9e la cuv\u00e9e 20201d\u2019un excellent Muscadet S\u00e8vre-et-Maine A.O.P sur lie, mis en bouteille \u00e0 la propri\u00e9t\u00e9.<\/p>\n","protected":false},"featured_media":0,"template":"","meta":{"_sb_is_suggestion_mode":false,"_sb_show_suggestion_boards":false,"_sb_show_comment_boards":false,"_sb_suggestion_history":"","_sb_update_block_changes":"","site-sidebar-layout":"default","site-content-layout":"default","ast-site-content-layout":"","site-content-style":"default","site-sidebar-style":"default","ast-global-header-display":"","ast-banner-title-visibility":"","ast-main-header-display":"","ast-hfb-above-header-display":"","ast-hfb-below-header-display":"","ast-hfb-mobile-header-display":"","site-post-title":"","ast-breadcrumbs-content":"","ast-featured-img":"","footer-sml-layout":"","theme-transparent-header-meta":"default","adv-header-id-meta":"","stick-header-meta":"","header-above-stick-meta":"","header-main-stick-meta":"","header-below-stick-meta":"","astra-migrate-meta-layouts":"default","ast-page-background-enabled":"default","ast-page-background-meta":{"desktop":{"background-color":"var(--ast-global-color-5)","background-image":"","background-repeat":"repeat","background-position":"center center","background-size":"auto","background-attachment":"scroll","background-type":"","background-media":"","overlay-type":"","overlay-color":"","overlay-opacity":"","overlay-gradient":""},"tablet":{"background-color":"","background-image":"","background-repeat":"repeat","background-position":"center center","background-size":"auto","background-attachment":"scroll","background-type":"","background-media":"","overlay-type":"","overlay-color":"","overlay-opacity":"","overlay-gradient":""},"mobile":{"background-color":"","background-image":"","background-repeat":"repeat","background-position":"center center","background-size":"auto","background-attachment":"scroll","background-type":"","background-media":"","overlay-type":"","overlay-color":"","overlay-opacity":"","overlay-gradient":""}},"ast-content-background-meta":{"desktop":{"background-color":"var(--ast-global-color-4)","background-image":"","background-repeat":"repeat","background-position":"center center","background-size":"auto","background-attachment":"scroll","background-type":"","background-media":"","overlay-type":"","overlay-color":"","overlay-opacity":"","overlay-gradient":""},"tablet":{"background-color":"var(--ast-global-color-4)","background-image":"","background-repeat":"repeat","background-position":"center center","background-size":"auto","background-attachment":"scroll","background-type":"","background-media":"","overlay-type":"","overlay-color":"","overlay-opacity":"","overlay-gradient":""},"mobile":{"background-color":"var(--ast-global-color-4)","background-image":"","background-repeat":"repeat","background-position":"center center","background-size":"auto","background-attachment":"scroll","background-type":"","background-media":"","overlay-type":"","overlay-color":"","overlay-opacity":"","overlay-gradient":""}}},"product_brand":[],"product_cat":[33],"product_tag":[],"class_list":{"0":"post-11090","1":"product","2":"type-product","3":"status-publish","5":"product_cat-maison","6":"desktop-align-left","7":"tablet-align-left","8":"mobile-align-left","10":"first","11":"instock","12":"shipping-taxable","13":"purchasable","14":"product-type-simple"},"_links":{"self":[{"href":"https:\/\/sinagot.bzh\/boutique\/wp-json\/wp\/v2\/product\/11090","targetHints":{"allow":["GET"]}}],"collection":[{"href":"https:\/\/sinagot.bzh\/boutique\/wp-json\/wp\/v2\/product"}],"about":[{"href":"https:\/\/sinagot.bzh\/boutique\/wp-json\/wp\/v2\/types\/product"}],"wp:attachment":[{"href":"https:\/\/sinagot.bzh\/boutique\/wp-json\/wp\/v2\/media?parent=11090"}],"wp:term":[{"taxonomy":"product_brand","embeddable":true,"href":"https:\/\/sinagot.bzh\/boutique\/wp-json\/wp\/v2\/product_brand?post=11090"},{"taxonomy":"product_cat","embeddable":true,"href":"https:\/\/sinagot.bzh\/boutique\/wp-json\/wp\/v2\/product_cat?post=11090"},{"taxonomy":"product_tag","embeddable":true,"href":"https:\/\/sinagot.bzh\/boutique\/wp-json\/wp\/v2\/product_tag?post=11090"}],"curies":[{"name":"wp","href":"https:\/\/api.w.org\/{rel}","templated":true}]}}