{"id":11669,"date":"2023-11-28T10:25:20","date_gmt":"2023-11-28T09:25:20","guid":{"rendered":"https:\/\/sinagot.bzh\/?post_type=product&#038;p=11669"},"modified":"2026-04-13T18:33:51","modified_gmt":"2026-04-13T16:33:51","slug":"echarpe","status":"publish","type":"product","link":"https:\/\/sinagot.bzh\/boutique\/produit\/echarpe\/","title":{"rendered":"Echarpe et Bonnet"},"content":{"rendered":"<div dir=\"ltr\">\n<div dir=\"ltr\">\n<div><span style=\"font-size: 16px\"><img loading=\"lazy\" decoding=\"async\" class=\"alignnone size-medium wp-image-12566\" src=\"https:\/\/sinagot.bzh\/boutique\/wp-content\/uploads\/sites\/3\/2025\/05\/14CF259B-265C-466E-9305-C27B314718B7_1_105_c-225x300.jpeg\" alt=\"\" width=\"225\" height=\"300\" srcset=\"https:\/\/sinagot.bzh\/boutique\/wp-content\/uploads\/sites\/3\/2025\/05\/14CF259B-265C-466E-9305-C27B314718B7_1_105_c-225x300.jpeg 225w, https:\/\/sinagot.bzh\/boutique\/wp-content\/uploads\/sites\/3\/2025\/05\/14CF259B-265C-466E-9305-C27B314718B7_1_105_c-600x800.jpeg 600w, https:\/\/sinagot.bzh\/boutique\/wp-content\/uploads\/sites\/3\/2025\/05\/14CF259B-265C-466E-9305-C27B314718B7_1_105_c.jpeg 768w\" sizes=\"auto, (max-width: 225px) 100vw, 225px\" \/>Echarpe rectangle ! Tricot 50% laine, 50% acrylique. Le m\u00e9lange de ces deux mati\u00e8res apporte plus de souplesse et de douceur au mod\u00e8le. La laine est une fibre textile naturelle anti-allerg\u00e8ne. Ce tricot est \u00e0 la fois chaud et isolant tout en facilitant la respiration de votre peau.<\/span><\/div>\n<div><\/div>\n<\/div>\n<div dir=\"ltr\">\n<div dir=\"ltr\">Dimensions: 20 cm X 160 cm<\/div>\n<div><\/div>\n<div class=\"yj6qo\">Ensemble bonnet + \u00e9charpe, vendu 50\u20ac<\/div>\n<div>ILS PEUVENT ETRE VENDUS SEPAREMENT 25 EUROS PIECE<\/div>\n<div dir=\"ltr\">\n<div class=\"adL\"><\/div>\n<\/div>\n<\/div>\n<\/div>\n","protected":false},"excerpt":{"rendered":"<div><span style=\"font-size: 16px\">Echarpe hiver mixte ray\u00e9e bicolore, brod\u00e9e \u00ab\u00a0Les Amis du Sinagot\u00a0\u00bb.<\/span><\/div>\n<div dir=\"ltr\">\n<div dir=\"ltr\">\n<div dir=\"ltr\">Marine\/\u00e9cru<\/div>\n<div dir=\"ltr\"><\/div>\n<\/div>\n<\/div>\n","protected":false},"featured_media":12566,"template":"","meta":{"_sb_is_suggestion_mode":false,"_sb_show_suggestion_boards":false,"_sb_show_comment_boards":false,"_sb_suggestion_history":"","_sb_update_block_changes":"","site-sidebar-layout":"default","site-content-layout":"","ast-site-content-layout":"default","site-content-style":"default","site-sidebar-style":"default","ast-global-header-display":"","ast-banner-title-visibility":"","ast-main-header-display":"","ast-hfb-above-header-display":"","ast-hfb-below-header-display":"","ast-hfb-mobile-header-display":"","site-post-title":"","ast-breadcrumbs-content":"","ast-featured-img":"","footer-sml-layout":"","theme-transparent-header-meta":"default","adv-header-id-meta":"","stick-header-meta":"","header-above-stick-meta":"","header-main-stick-meta":"","header-below-stick-meta":"","astra-migrate-meta-layouts":"set","ast-page-background-enabled":"default","ast-page-background-meta":{"desktop":{"background-color":"var(--ast-global-color-5)","background-image":"","background-repeat":"repeat","background-position":"center center","background-size":"auto","background-attachment":"scroll","background-type":"","background-media":"","overlay-type":"","overlay-color":"","overlay-opacity":"","overlay-gradient":""},"tablet":{"background-color":"","background-image":"","background-repeat":"repeat","background-position":"center center","background-size":"auto","background-attachment":"scroll","background-type":"","background-media":"","overlay-type":"","overlay-color":"","overlay-opacity":"","overlay-gradient":""},"mobile":{"background-color":"","background-image":"","background-repeat":"repeat","background-position":"center center","background-size":"auto","background-attachment":"scroll","background-type":"","background-media":"","overlay-type":"","overlay-color":"","overlay-opacity":"","overlay-gradient":""}},"ast-content-background-meta":{"desktop":{"background-color":"var(--ast-global-color-4)","background-image":"","background-repeat":"repeat","background-position":"center center","background-size":"auto","background-attachment":"scroll","background-type":"","background-media":"","overlay-type":"","overlay-color":"","overlay-opacity":"","overlay-gradient":""},"tablet":{"background-color":"var(--ast-global-color-4)","background-image":"","background-repeat":"repeat","background-position":"center center","background-size":"auto","background-attachment":"scroll","background-type":"","background-media":"","overlay-type":"","overlay-color":"","overlay-opacity":"","overlay-gradient":""},"mobile":{"background-color":"var(--ast-global-color-4)","background-image":"","background-repeat":"repeat","background-position":"center center","background-size":"auto","background-attachment":"scroll","background-type":"","background-media":"","overlay-type":"","overlay-color":"","overlay-opacity":"","overlay-gradient":""}}},"product_brand":[],"product_cat":[34,32],"product_tag":[],"class_list":{"0":"post-11669","1":"product","2":"type-product","3":"status-publish","4":"has-post-thumbnail","6":"product_cat-navigation","7":"product_cat-vetements","8":"desktop-align-left","9":"tablet-align-left","10":"mobile-align-left","12":"first","13":"instock","14":"shipping-taxable","15":"purchasable","16":"product-type-simple"},"_links":{"self":[{"href":"https:\/\/sinagot.bzh\/boutique\/wp-json\/wp\/v2\/product\/11669","targetHints":{"allow":["GET"]}}],"collection":[{"href":"https:\/\/sinagot.bzh\/boutique\/wp-json\/wp\/v2\/product"}],"about":[{"href":"https:\/\/sinagot.bzh\/boutique\/wp-json\/wp\/v2\/types\/product"}],"wp:featuredmedia":[{"embeddable":true,"href":"https:\/\/sinagot.bzh\/boutique\/wp-json\/wp\/v2\/media\/12566"}],"wp:attachment":[{"href":"https:\/\/sinagot.bzh\/boutique\/wp-json\/wp\/v2\/media?parent=11669"}],"wp:term":[{"taxonomy":"product_brand","embeddable":true,"href":"https:\/\/sinagot.bzh\/boutique\/wp-json\/wp\/v2\/product_brand?post=11669"},{"taxonomy":"product_cat","embeddable":true,"href":"https:\/\/sinagot.bzh\/boutique\/wp-json\/wp\/v2\/product_cat?post=11669"},{"taxonomy":"product_tag","embeddable":true,"href":"https:\/\/sinagot.bzh\/boutique\/wp-json\/wp\/v2\/product_tag?post=11669"}],"curies":[{"name":"wp","href":"https:\/\/api.w.org\/{rel}","templated":true}]}}