{"id":13009,"date":"2025-03-19T14:50:56","date_gmt":"2025-03-19T13:50:56","guid":{"rendered":"https:\/\/v2.sinagot.bzh\/membres\/?page_id=13009"},"modified":"2025-04-02T16:06:07","modified_gmt":"2025-04-02T14:06:07","slug":"accueil","status":"publish","type":"page","link":"https:\/\/sinagot.bzh\/membres\/","title":{"rendered":"Accueil"},"content":{"rendered":"\n<h1 class=\"wp-block-heading\">Bienvenue sur l&rsquo;espace membre !<\/h1>\n\n\n\n<p>Pour acc\u00e9der au contenu, vous devez \u00eatre membre de l&rsquo;association \u00ab\u00a0les Amis du Sinagot\u00a0\u00bb.<\/p>\n\n\n\n<p>Si vous \u00eates membres, vous devez dispos\u00e9 d&rsquo;un compte. Vous pouvez en obtenir en faisant une demande d&rsquo;adh\u00e9sion <a href=\"https:\/\/sinagot.bzh\/membres\/inscription\/\" data-type=\"buddypress\" data-id=\"13014\">ici<\/a><\/p>\n\n\n\n<div class=\"wp-block-buttons is-content-justification-center is-layout-flex wp-container-core-buttons-is-layout-1 wp-block-buttons-is-layout-flex\">\n<div class=\"wp-block-button\"><a class=\"wp-block-button__link wp-element-button\" href=\"https:\/\/sinagot.bzh\/membres\/inscription\/\">Demander \u00e0 adh\u00e9rer<\/a><\/div>\n<\/div>\n\n\n\n<hr class=\"wp-block-separator alignwide has-alpha-channel-opacity\"\/>\n\n\n\n<p><\/p>\n\n\n\n<p><\/p>\n\n\n\n<p>Si vous avez adh\u00e9r\u00e9, vous pouvez acc\u00e9der au contenu et voir les <a href=\"https:\/\/sinagot.bzh\/membres\/groupes\/\" data-type=\"buddypress\" data-id=\"28\">groupes de conversation<\/a>.<\/p>\n\n\n\n<div class=\"wp-block-buttons is-content-justification-center is-layout-flex wp-container-core-buttons-is-layout-2 wp-block-buttons-is-layout-flex\">\n<div class=\"wp-block-button\"><a class=\"wp-block-button__link wp-element-button\" href=\"https:\/\/sinagot.bzh\/membres\/groupes\/\">Acc\u00e9der aux zones priv\u00e9es<\/a><\/div>\n<\/div>\n\n\n\n<p><\/p>\n","protected":false},"excerpt":{"rendered":"<p>Bienvenue sur l&rsquo;espace membre ! Pour acc\u00e9der au contenu, vous devez \u00eatre membre de l&rsquo;association \u00ab\u00a0les Amis du Sinagot\u00a0\u00bb. Si vous \u00eates membres, vous devez dispos\u00e9 d&rsquo;un compte. Vous pouvez en obtenir en faisant une demande d&rsquo;adh\u00e9sion ici Si vous avez adh\u00e9r\u00e9, vous pouvez acc\u00e9der au contenu et voir les groupes de conversation.<\/p>\n","protected":false},"author":1,"featured_media":0,"parent":0,"menu_order":0,"comment_status":"closed","ping_status":"closed","template":"","meta":{"_bbp_topic_count":0,"_bbp_reply_count":0,"_bbp_total_topic_count":0,"_bbp_total_reply_count":0,"_bbp_voice_count":0,"_bbp_anonymous_reply_count":0,"_bbp_topic_count_hidden":0,"_bbp_reply_count_hidden":0,"_bbp_forum_subforum_count":0,"_sb_is_suggestion_mode":false,"_sb_show_suggestion_boards":false,"_sb_show_comment_boards":false,"_sb_suggestion_history":"","_sb_update_block_changes":"","footnotes":""},"class_list":["post-13009","page","type-page","status-publish","hentry"],"_links":{"self":[{"href":"https:\/\/sinagot.bzh\/membres\/wp-json\/wp\/v2\/pages\/13009","targetHints":{"allow":["GET"]}}],"collection":[{"href":"https:\/\/sinagot.bzh\/membres\/wp-json\/wp\/v2\/pages"}],"about":[{"href":"https:\/\/sinagot.bzh\/membres\/wp-json\/wp\/v2\/types\/page"}],"author":[{"embeddable":true,"href":"https:\/\/sinagot.bzh\/membres\/wp-json\/wp\/v2\/users\/1"}],"replies":[{"embeddable":true,"href":"https:\/\/sinagot.bzh\/membres\/wp-json\/wp\/v2\/comments?post=13009"}],"version-history":[{"count":10,"href":"https:\/\/sinagot.bzh\/membres\/wp-json\/wp\/v2\/pages\/13009\/revisions"}],"predecessor-version":[{"id":13051,"href":"https:\/\/sinagot.bzh\/membres\/wp-json\/wp\/v2\/pages\/13009\/revisions\/13051"}],"wp:attachment":[{"href":"https:\/\/sinagot.bzh\/membres\/wp-json\/wp\/v2\/media?parent=13009"}],"curies":[{"name":"wp","href":"https:\/\/api.w.org\/{rel}","templated":true}]}}